{"id":9,"date":"2023-03-30T08:20:19","date_gmt":"2023-03-30T08:20:19","guid":{"rendered":"https:\/\/klixkommunikation.dk\/?page_id=9"},"modified":"2026-01-02T08:30:36","modified_gmt":"2026-01-02T08:30:36","slug":"forside","status":"publish","type":"page","link":"https:\/\/klixkommunikation.dk\/","title":{"rendered":"Forside"},"content":{"rendered":"\t\t<div data-elementor-type=\"wp-page\" data-elementor-id=\"9\" class=\"elementor elementor-9\" data-elementor-post-type=\"page\">\n\t\t\t\t\t\t<section class=\"elementor-section elementor-top-section elementor-element elementor-element-742e6c7 elementor-section-full_width elementor-section-stretched elementor-section-height-default elementor-section-height-default\" data-id=\"742e6c7\" data-element_type=\"section\" data-e-type=\"section\" data-settings=\"{&quot;stretch_section&quot;:&quot;section-stretched&quot;}\">\n\t\t\t\t\t\t<div class=\"elementor-container elementor-column-gap-default\">\n\t\t\t\t\t<div class=\"elementor-column elementor-col-20 elementor-top-column elementor-element elementor-element-ac26a10\" data-id=\"ac26a10\" data-element_type=\"column\" data-e-type=\"column\">\n\t\t\t<div class=\"elementor-widget-wrap\">\n\t\t\t\t\t\t\t<\/div>\n\t\t<\/div>\n\t\t\t\t<div class=\"elementor-column elementor-col-20 elementor-top-column elementor-element elementor-element-6f29686\" data-id=\"6f29686\" data-element_type=\"column\" data-e-type=\"column\">\n\t\t\t<div class=\"elementor-widget-wrap elementor-element-populated\">\n\t\t\t\t\t\t<div class=\"elementor-element elementor-element-a0c6bc2 elementor-hidden-desktop elementor-hidden-tablet elementor-widget elementor-widget-spacer\" data-id=\"a0c6bc2\" data-element_type=\"widget\" data-e-type=\"widget\" data-widget_type=\"spacer.default\">\n\t\t\t\t<div class=\"elementor-widget-container\">\n\t\t\t\t\t\t\t<div class=\"elementor-spacer\">\n\t\t\t<div class=\"elementor-spacer-inner\"><\/div>\n\t\t<\/div>\n\t\t\t\t\t\t<\/div>\n\t\t\t\t<\/div>\n\t\t\t\t<div class=\"elementor-element elementor-element-6e47a00 elementor-widget elementor-widget-heading\" data-id=\"6e47a00\" data-element_type=\"widget\" data-e-type=\"widget\" data-widget_type=\"heading.default\">\n\t\t\t\t<div class=\"elementor-widget-container\">\n\t\t\t\t\t<h4 class=\"elementor-heading-title elementor-size-default\">Vi arbejder med<\/h4>\t\t\t\t<\/div>\n\t\t\t\t<\/div>\n\t\t\t\t<div class=\"elementor-element elementor-element-499ee54 elementor-widget elementor-widget-toggle\" data-id=\"499ee54\" data-element_type=\"widget\" data-e-type=\"widget\" data-settings=\"{&quot;_animation&quot;:&quot;none&quot;}\" data-widget_type=\"toggle.default\">\n\t\t\t\t<div class=\"elementor-widget-container\">\n\t\t\t\t\t\t\t<div class=\"elementor-toggle\">\n\t\t\t\t\t\t\t<div class=\"elementor-toggle-item\">\n\t\t\t\t\t<div id=\"elementor-tab-title-7711\" class=\"elementor-tab-title\" data-tab=\"1\" role=\"button\" aria-controls=\"elementor-tab-content-7711\" aria-expanded=\"false\">\n\t\t\t\t\t\t\t\t\t\t\t\t<a class=\"elementor-toggle-title\" tabindex=\"0\">Public relations<\/a>\n\t\t\t\t\t<\/div>\n\n\t\t\t\t\t<div id=\"elementor-tab-content-7711\" class=\"elementor-tab-content elementor-clearfix\" data-tab=\"1\" role=\"region\" aria-labelledby=\"elementor-tab-title-7711\"><p><strong>Vi arbejder med PR<\/strong> for en lang r\u00e6kke danske og internationale livsstilsvirksomheder \u2013 indenfor blandt andet mode, interi\u00f8r, gastronomi og oplevelser. Vores prim\u00e6re fokus indenfor PR best\u00e5r i at bygge bro mellem virksomheden og forbruger og dermed skabe awareness og eksponering gennem inspirerende indhold og editorials. Dette g\u00f8r vi i t\u00e6t samarbejde med danske s\u00e5vel som internationale medier, hvor vi m\u00e5lretter kommunikationen, s\u00e5 den er relevant for modtageren.<\/p><\/div>\n\t\t\t\t<\/div>\n\t\t\t\t\t\t\t<div class=\"elementor-toggle-item\">\n\t\t\t\t\t<div id=\"elementor-tab-title-7712\" class=\"elementor-tab-title\" data-tab=\"2\" role=\"button\" aria-controls=\"elementor-tab-content-7712\" aria-expanded=\"false\">\n\t\t\t\t\t\t\t\t\t\t\t\t<a class=\"elementor-toggle-title\" tabindex=\"0\">Corporate kommunikation<\/a>\n\t\t\t\t\t<\/div>\n\n\t\t\t\t\t<div id=\"elementor-tab-content-7712\" class=\"elementor-tab-content elementor-clearfix\" data-tab=\"2\" role=\"region\" aria-labelledby=\"elementor-tab-title-7712\"><p><strong>Vi l\u00f8fter kommunikationsopgaver <\/strong>for b\u00e5de st\u00f8rre og mindre organisationer og virksomheder, der \u00f8nsker at optimere og prioritere deres corporate kommunikation. Vi sikrer, at vigtige budskaber og ambitioner n\u00e5r ud til rette interessenter via de helt rigtige businessmedier \u2013 altid med afs\u00e6t i den enkelte virksomheds forretningsstrategi. Derved arbejder vi med at skabe trov\u00e6rdighed og relevans de steder, hvor virksomhedens egne kanaler ikke n\u00e5r ud.<\/p><\/div>\n\t\t\t\t<\/div>\n\t\t\t\t\t\t\t<div class=\"elementor-toggle-item\">\n\t\t\t\t\t<div id=\"elementor-tab-title-7713\" class=\"elementor-tab-title\" data-tab=\"3\" role=\"button\" aria-controls=\"elementor-tab-content-7713\" aria-expanded=\"false\">\n\t\t\t\t\t\t\t\t\t\t\t\t<a class=\"elementor-toggle-title\" tabindex=\"0\">Sociale medier<\/a>\n\t\t\t\t\t<\/div>\n\n\t\t\t\t\t<div id=\"elementor-tab-content-7713\" class=\"elementor-tab-content elementor-clearfix\" data-tab=\"3\" role=\"region\" aria-labelledby=\"elementor-tab-title-7713\"><p><strong>Vi drifter sociale medier<\/strong> og hj\u00e6lper virksomheder med at optimere kommunikationen og tilstedev\u00e6relsen p\u00e5 SoMe. Dette g\u00f8r vi gennem strategisk planl\u00e6gning af content, kampagner, influentsamarbejder og paid media. Vi producerer gennemarbejdet indhold for at optimere hver kanal bedst muligt; fra en fagligt forankret LinkedIn til en interaktionsparat Instagram.<\/p><\/div>\n\t\t\t\t<\/div>\n\t\t\t\t\t\t\t<div class=\"elementor-toggle-item\">\n\t\t\t\t\t<div id=\"elementor-tab-title-7714\" class=\"elementor-tab-title\" data-tab=\"4\" role=\"button\" aria-controls=\"elementor-tab-content-7714\" aria-expanded=\"false\">\n\t\t\t\t\t\t\t\t\t\t\t\t<a class=\"elementor-toggle-title\" tabindex=\"0\">Art direction<\/a>\n\t\t\t\t\t<\/div>\n\n\t\t\t\t\t<div id=\"elementor-tab-content-7714\" class=\"elementor-tab-content elementor-clearfix\" data-tab=\"4\" role=\"region\" aria-labelledby=\"elementor-tab-title-7714\"><p><strong>Vi udvikler kreative id\u00e9er<\/strong> og fremh\u00e6ver vigtige budskaber og v\u00e6rdier gennem visuel kommunikation. Vi udarbejder visuelle identiteter og grafisk design i t\u00e6t samarbejde med vores kunder \u2013 med fokus p\u00e5, at brandets DNA er synligt i det f\u00e6rdige produkt.<\/p><\/div>\n\t\t\t\t<\/div>\n\t\t\t\t\t\t\t<div class=\"elementor-toggle-item\">\n\t\t\t\t\t<div id=\"elementor-tab-title-7715\" class=\"elementor-tab-title\" data-tab=\"5\" role=\"button\" aria-controls=\"elementor-tab-content-7715\" aria-expanded=\"false\">\n\t\t\t\t\t\t\t\t\t\t\t\t<a class=\"elementor-toggle-title\" tabindex=\"0\">Events<\/a>\n\t\t\t\t\t<\/div>\n\n\t\t\t\t\t<div id=\"elementor-tab-content-7715\" class=\"elementor-tab-content elementor-clearfix\" data-tab=\"5\" role=\"region\" aria-labelledby=\"elementor-tab-title-7715\"><p><strong>Vi afholder events<\/strong> for en lang r\u00e6kke livsstilsvirksomheder; fra store, eksklusive presse- og influentevents til landsd\u00e6kkende happenings, men ogs\u00e5 mindre lokale aktiviteter. Vi st\u00e5r for hele processen &#8211; fra konceptudvikling til eksekvering. Altid med en st\u00e6rk storytelling omkring arrangementet, der g\u00f8r det relevant og interessant for g\u00e6sterne at v\u00e6re med.<\/p><\/div>\n\t\t\t\t<\/div>\n\t\t\t\t\t\t\t<div class=\"elementor-toggle-item\">\n\t\t\t\t\t<div id=\"elementor-tab-title-7716\" class=\"elementor-tab-title\" data-tab=\"6\" role=\"button\" aria-controls=\"elementor-tab-content-7716\" aria-expanded=\"false\">\n\t\t\t\t\t\t\t\t\t\t\t\t<a class=\"elementor-toggle-title\" tabindex=\"0\">Styling og fotografering<\/a>\n\t\t\t\t\t<\/div>\n\n\t\t\t\t\t<div id=\"elementor-tab-content-7716\" class=\"elementor-tab-content elementor-clearfix\" data-tab=\"6\" role=\"region\" aria-labelledby=\"elementor-tab-title-7716\"><p><strong>Vi styler og fotograferer <\/strong>alt fra mad til mode og m\u00f8bler. B\u00e5de livsstilsbilleder til pressen, portr\u00e6tbilleder til hjemmesider, billeder til annoncering eller visuel content til sociale medier. Vi s\u00e6tter altid en stor \u00e6re i at fange og fremh\u00e6ve detaljerne i vores styling, s\u00e5 resultatet er \u00e6stetiske billeder, der underst\u00f8tter virksomhedens profil og agenda.<\/p><\/div>\n\t\t\t\t<\/div>\n\t\t\t\t\t\t\t\t<\/div>\n\t\t\t\t\t\t<\/div>\n\t\t\t\t<\/div>\n\t\t\t\t<div class=\"elementor-element elementor-element-842c0e4 elementor-align-left elementor-widget elementor-widget-button\" data-id=\"842c0e4\" data-element_type=\"widget\" data-e-type=\"widget\" data-widget_type=\"button.default\">\n\t\t\t\t<div class=\"elementor-widget-container\">\n\t\t\t\t\t\t\t\t\t<div class=\"elementor-button-wrapper\">\n\t\t\t\t\t<a class=\"elementor-button elementor-button-link elementor-size-xs\" href=\"https:\/\/klixkommunikation.dk\/?page_id=198\">\n\t\t\t\t\t\t<span class=\"elementor-button-content-wrapper\">\n\t\t\t\t\t\t<span class=\"elementor-button-icon\">\n\t\t\t\t<i aria-hidden=\"true\" class=\"fas fa-plus\"><\/i>\t\t\t<\/span>\n\t\t\t\t\t\t\t\t\t<span class=\"elementor-button-text\">Kundecases<\/span>\n\t\t\t\t\t<\/span>\n\t\t\t\t\t<\/a>\n\t\t\t\t<\/div>\n\t\t\t\t\t\t\t\t<\/div>\n\t\t\t\t<\/div>\n\t\t\t\t<div class=\"elementor-element elementor-element-e60022b elementor-hidden-mobile elementor-widget elementor-widget-spacer\" data-id=\"e60022b\" data-element_type=\"widget\" data-e-type=\"widget\" data-widget_type=\"spacer.default\">\n\t\t\t\t<div class=\"elementor-widget-container\">\n\t\t\t\t\t\t\t<div class=\"elementor-spacer\">\n\t\t\t<div class=\"elementor-spacer-inner\"><\/div>\n\t\t<\/div>\n\t\t\t\t\t\t<\/div>\n\t\t\t\t<\/div>\n\t\t\t\t<div class=\"elementor-element elementor-element-f007014 elementor-hidden-mobile elementor-hidden-tablet e-transform elementor-widget elementor-widget-image\" data-id=\"f007014\" data-element_type=\"widget\" data-e-type=\"widget\" data-settings=\"{&quot;_transform_scaleX_effect&quot;:{&quot;unit&quot;:&quot;px&quot;,&quot;size&quot;:&quot;&quot;,&quot;sizes&quot;:[]},&quot;_transform_scaleX_effect_tablet&quot;:{&quot;unit&quot;:&quot;px&quot;,&quot;size&quot;:&quot;&quot;,&quot;sizes&quot;:[]},&quot;_transform_scaleX_effect_mobile&quot;:{&quot;unit&quot;:&quot;px&quot;,&quot;size&quot;:&quot;&quot;,&quot;sizes&quot;:[]},&quot;_transform_scaleY_effect&quot;:{&quot;unit&quot;:&quot;px&quot;,&quot;size&quot;:&quot;&quot;,&quot;sizes&quot;:[]},&quot;_transform_scaleY_effect_tablet&quot;:{&quot;unit&quot;:&quot;px&quot;,&quot;size&quot;:&quot;&quot;,&quot;sizes&quot;:[]},&quot;_transform_scaleY_effect_mobile&quot;:{&quot;unit&quot;:&quot;px&quot;,&quot;size&quot;:&quot;&quot;,&quot;sizes&quot;:[]}}\" data-widget_type=\"image.default\">\n\t\t\t\t<div class=\"elementor-widget-container\">\n\t\t\t\t\t\t\t\t\t\t\t\t\t\t\t<img fetchpriority=\"high\" decoding=\"async\" width=\"878\" height=\"1024\" src=\"https:\/\/klixkommunikation.dk\/wp-content\/smush-webp\/2026\/01\/Klix_web_forside_size5-878x1024.jpg.webp\" class=\"attachment-large size-large wp-image-2064\" alt=\"\" srcset=\"https:\/\/klixkommunikation.dk\/wp-content\/smush-webp\/2026\/01\/Klix_web_forside_size5-878x1024.jpg.webp 878w, https:\/\/klixkommunikation.dk\/wp-content\/smush-webp\/2026\/01\/Klix_web_forside_size5-257x300.jpg.webp 257w, https:\/\/klixkommunikation.dk\/wp-content\/smush-webp\/2026\/01\/Klix_web_forside_size5-768x896.jpg.webp 768w, https:\/\/klixkommunikation.dk\/wp-content\/smush-webp\/2026\/01\/Klix_web_forside_size5-1316x1536.jpg.webp 1316w, https:\/\/klixkommunikation.dk\/wp-content\/smush-webp\/2026\/01\/Klix_web_forside_size5-1755x2048.jpg.webp 1755w\" sizes=\"(max-width: 878px) 100vw, 878px\" \/>\t\t\t\t\t\t\t\t\t\t\t\t\t\t\t<\/div>\n\t\t\t\t<\/div>\n\t\t\t\t\t<\/div>\n\t\t<\/div>\n\t\t\t\t<div class=\"elementor-column elementor-col-20 elementor-top-column elementor-element elementor-element-3d67f69\" data-id=\"3d67f69\" data-element_type=\"column\" data-e-type=\"column\">\n\t\t\t<div class=\"elementor-widget-wrap elementor-element-populated\">\n\t\t\t\t\t\t<div class=\"elementor-element elementor-element-908eac9 elementor-widget elementor-widget-image\" data-id=\"908eac9\" data-element_type=\"widget\" data-e-type=\"widget\" data-widget_type=\"image.default\">\n\t\t\t\t<div class=\"elementor-widget-container\">\n\t\t\t\t\t\t\t\t\t\t\t\t\t\t\t<img decoding=\"async\" width=\"1024\" height=\"780\" data-src=\"https:\/\/klixkommunikation.dk\/wp-content\/smush-webp\/2026\/01\/Klix_web_forside_size3-1024x780.jpg.webp\" class=\"attachment-large size-large wp-image-2061 lazyload\" alt=\"\" data-srcset=\"https:\/\/klixkommunikation.dk\/wp-content\/smush-webp\/2026\/01\/Klix_web_forside_size3-1024x780.jpg.webp 1024w, https:\/\/klixkommunikation.dk\/wp-content\/smush-webp\/2026\/01\/Klix_web_forside_size3-300x229.jpg.webp 300w, https:\/\/klixkommunikation.dk\/wp-content\/smush-webp\/2026\/01\/Klix_web_forside_size3-768x585.jpg.webp 768w, https:\/\/klixkommunikation.dk\/wp-content\/smush-webp\/2026\/01\/Klix_web_forside_size3-1536x1171.jpg.webp 1536w, https:\/\/klixkommunikation.dk\/wp-content\/smush-webp\/2026\/01\/Klix_web_forside_size3-2048x1561.jpg.webp 2048w\" data-sizes=\"(max-width: 1024px) 100vw, 1024px\" src=\"data:image\/svg+xml;base64,PHN2ZyB3aWR0aD0iMSIgaGVpZ2h0PSIxIiB4bWxucz0iaHR0cDovL3d3dy53My5vcmcvMjAwMC9zdmciPjwvc3ZnPg==\" style=\"--smush-placeholder-width: 1024px; --smush-placeholder-aspect-ratio: 1024\/780;\" \/>\t\t\t\t\t\t\t\t\t\t\t\t\t\t\t<\/div>\n\t\t\t\t<\/div>\n\t\t\t\t<div class=\"elementor-element elementor-element-13de3af elementor-widget elementor-widget-image\" data-id=\"13de3af\" data-element_type=\"widget\" data-e-type=\"widget\" data-widget_type=\"image.default\">\n\t\t\t\t<div class=\"elementor-widget-container\">\n\t\t\t\t\t\t\t\t\t\t\t\t\t\t\t<img decoding=\"async\" width=\"750\" height=\"1024\" data-src=\"https:\/\/klixkommunikation.dk\/wp-content\/smush-webp\/2026\/01\/Klix_web_forside_size-750x1024.jpg.webp\" class=\"attachment-large size-large wp-image-2063 lazyload\" alt=\"\" data-srcset=\"https:\/\/klixkommunikation.dk\/wp-content\/smush-webp\/2026\/01\/Klix_web_forside_size-750x1024.jpg.webp 750w, https:\/\/klixkommunikation.dk\/wp-content\/smush-webp\/2026\/01\/Klix_web_forside_size-220x300.jpg.webp 220w, https:\/\/klixkommunikation.dk\/wp-content\/smush-webp\/2026\/01\/Klix_web_forside_size-768x1049.jpg.webp 768w, https:\/\/klixkommunikation.dk\/wp-content\/smush-webp\/2026\/01\/Klix_web_forside_size-1124x1536.jpg.webp 1124w, https:\/\/klixkommunikation.dk\/wp-content\/smush-webp\/2026\/01\/Klix_web_forside_size-1499x2048.jpg.webp 1499w, https:\/\/klixkommunikation.dk\/wp-content\/smush-webp\/2026\/01\/Klix_web_forside_size.jpg.webp 1874w\" data-sizes=\"(max-width: 750px) 100vw, 750px\" src=\"data:image\/svg+xml;base64,PHN2ZyB3aWR0aD0iMSIgaGVpZ2h0PSIxIiB4bWxucz0iaHR0cDovL3d3dy53My5vcmcvMjAwMC9zdmciPjwvc3ZnPg==\" style=\"--smush-placeholder-width: 750px; --smush-placeholder-aspect-ratio: 750\/1024;\" \/>\t\t\t\t\t\t\t\t\t\t\t\t\t\t\t<\/div>\n\t\t\t\t<\/div>\n\t\t\t\t\t<\/div>\n\t\t<\/div>\n\t\t\t\t<div class=\"elementor-column elementor-col-20 elementor-top-column elementor-element elementor-element-d86db34\" data-id=\"d86db34\" data-element_type=\"column\" data-e-type=\"column\">\n\t\t\t<div class=\"elementor-widget-wrap elementor-element-populated\">\n\t\t\t\t\t\t<div class=\"elementor-element elementor-element-796e9f2 elementor-widget elementor-widget-image\" data-id=\"796e9f2\" data-element_type=\"widget\" data-e-type=\"widget\" data-widget_type=\"image.default\">\n\t\t\t\t<div class=\"elementor-widget-container\">\n\t\t\t\t\t\t\t\t\t\t\t\t\t\t\t<img decoding=\"async\" width=\"750\" height=\"1024\" data-src=\"https:\/\/klixkommunikation.dk\/wp-content\/smush-webp\/2026\/01\/Klix_web_forside_size2-750x1024.jpg.webp\" class=\"attachment-large size-large wp-image-2062 lazyload\" alt=\"\" data-srcset=\"https:\/\/klixkommunikation.dk\/wp-content\/smush-webp\/2026\/01\/Klix_web_forside_size2-750x1024.jpg.webp 750w, https:\/\/klixkommunikation.dk\/wp-content\/smush-webp\/2026\/01\/Klix_web_forside_size2-220x300.jpg.webp 220w, https:\/\/klixkommunikation.dk\/wp-content\/smush-webp\/2026\/01\/Klix_web_forside_size2-768x1049.jpg.webp 768w, https:\/\/klixkommunikation.dk\/wp-content\/smush-webp\/2026\/01\/Klix_web_forside_size2-1124x1536.jpg.webp 1124w, https:\/\/klixkommunikation.dk\/wp-content\/smush-webp\/2026\/01\/Klix_web_forside_size2-1499x2048.jpg.webp 1499w, https:\/\/klixkommunikation.dk\/wp-content\/smush-webp\/2026\/01\/Klix_web_forside_size2.jpg.webp 1874w\" data-sizes=\"(max-width: 750px) 100vw, 750px\" src=\"data:image\/svg+xml;base64,PHN2ZyB3aWR0aD0iMSIgaGVpZ2h0PSIxIiB4bWxucz0iaHR0cDovL3d3dy53My5vcmcvMjAwMC9zdmciPjwvc3ZnPg==\" style=\"--smush-placeholder-width: 750px; --smush-placeholder-aspect-ratio: 750\/1024;\" \/>\t\t\t\t\t\t\t\t\t\t\t\t\t\t\t<\/div>\n\t\t\t\t<\/div>\n\t\t\t\t<div class=\"elementor-element elementor-element-7ef709c elementor-widget elementor-widget-image\" data-id=\"7ef709c\" data-element_type=\"widget\" data-e-type=\"widget\" data-widget_type=\"image.default\">\n\t\t\t\t<div class=\"elementor-widget-container\">\n\t\t\t\t\t\t\t\t\t\t\t\t\t\t\t<img decoding=\"async\" width=\"1024\" height=\"780\" data-src=\"https:\/\/klixkommunikation.dk\/wp-content\/smush-webp\/2026\/01\/Klix_web_forside_size4-1024x780.jpg.webp\" class=\"attachment-large size-large wp-image-2065 lazyload\" alt=\"\" data-srcset=\"https:\/\/klixkommunikation.dk\/wp-content\/smush-webp\/2026\/01\/Klix_web_forside_size4-1024x780.jpg.webp 1024w, https:\/\/klixkommunikation.dk\/wp-content\/smush-webp\/2026\/01\/Klix_web_forside_size4-300x229.jpg.webp 300w, https:\/\/klixkommunikation.dk\/wp-content\/smush-webp\/2026\/01\/Klix_web_forside_size4-768x585.jpg.webp 768w, https:\/\/klixkommunikation.dk\/wp-content\/smush-webp\/2026\/01\/Klix_web_forside_size4-1536x1171.jpg.webp 1536w, https:\/\/klixkommunikation.dk\/wp-content\/smush-webp\/2026\/01\/Klix_web_forside_size4-2048x1561.jpg.webp 2048w\" data-sizes=\"(max-width: 1024px) 100vw, 1024px\" src=\"data:image\/svg+xml;base64,PHN2ZyB3aWR0aD0iMSIgaGVpZ2h0PSIxIiB4bWxucz0iaHR0cDovL3d3dy53My5vcmcvMjAwMC9zdmciPjwvc3ZnPg==\" style=\"--smush-placeholder-width: 1024px; --smush-placeholder-aspect-ratio: 1024\/780;\" \/>\t\t\t\t\t\t\t\t\t\t\t\t\t\t\t<\/div>\n\t\t\t\t<\/div>\n\t\t\t\t\t<\/div>\n\t\t<\/div>\n\t\t\t\t<div class=\"elementor-column elementor-col-20 elementor-top-column elementor-element elementor-element-de0dee7 elementor-hidden-tablet\" data-id=\"de0dee7\" data-element_type=\"column\" data-e-type=\"column\">\n\t\t\t<div class=\"elementor-widget-wrap elementor-element-populated\">\n\t\t\t\t\t\t<div class=\"elementor-element elementor-element-366a63b elementor-grid-1 elementor-hidden-mobile elementor-shape-rounded e-grid-align-center elementor-widget elementor-widget-global elementor-global-249 elementor-widget-social-icons\" data-id=\"366a63b\" data-element_type=\"widget\" data-e-type=\"widget\" data-widget_type=\"social-icons.default\">\n\t\t\t\t<div class=\"elementor-widget-container\">\n\t\t\t\t\t\t\t<div class=\"elementor-social-icons-wrapper elementor-grid\" role=\"list\">\n\t\t\t\t\t\t\t<span class=\"elementor-grid-item\" role=\"listitem\">\n\t\t\t\t\t<a class=\"elementor-icon elementor-social-icon elementor-social-icon-instagram elementor-repeater-item-a824e36\" href=\"https:\/\/www.instagram.com\/klixkommunikation\/\" target=\"_blank\">\n\t\t\t\t\t\t<span class=\"elementor-screen-only\">Instagram<\/span>\n\t\t\t\t\t\t<i aria-hidden=\"true\" class=\"fab fa-instagram\"><\/i>\t\t\t\t\t<\/a>\n\t\t\t\t<\/span>\n\t\t\t\t\t\t\t<span class=\"elementor-grid-item\" role=\"listitem\">\n\t\t\t\t\t<a class=\"elementor-icon elementor-social-icon elementor-social-icon-facebook elementor-repeater-item-ebbe0b5\" href=\"https:\/\/www.facebook.com\/KlixKommunikation\" target=\"_blank\">\n\t\t\t\t\t\t<span class=\"elementor-screen-only\">Facebook<\/span>\n\t\t\t\t\t\t<i aria-hidden=\"true\" class=\"fab fa-facebook\"><\/i>\t\t\t\t\t<\/a>\n\t\t\t\t<\/span>\n\t\t\t\t\t\t\t<span class=\"elementor-grid-item\" role=\"listitem\">\n\t\t\t\t\t<a class=\"elementor-icon elementor-social-icon elementor-social-icon-linkedin-in elementor-repeater-item-30c360f\" href=\"https:\/\/www.linkedin.com\/company\/71202957\/admin\/\" target=\"_blank\">\n\t\t\t\t\t\t<span class=\"elementor-screen-only\">Linkedin-in<\/span>\n\t\t\t\t\t\t<i aria-hidden=\"true\" class=\"fab fa-linkedin-in\"><\/i>\t\t\t\t\t<\/a>\n\t\t\t\t<\/span>\n\t\t\t\t\t<\/div>\n\t\t\t\t\t\t<\/div>\n\t\t\t\t<\/div>\n\t\t\t\t\t<\/div>\n\t\t<\/div>\n\t\t\t\t\t<\/div>\n\t\t<\/section>\n\t\t\t\t<\/div>\n\t\t","protected":false},"excerpt":{"rendered":"<p>Vi arbejder med Public relations Vi arbejder med PR for en lang r\u00e6kke danske og internationale livsstilsvirksomheder \u2013 indenfor blandt andet mode, interi\u00f8r, gastronomi og oplevelser. Vores prim\u00e6re fokus indenfor PR best\u00e5r i at bygge bro mellem virksomheden og forbruger og dermed skabe awareness og eksponering gennem inspirerende indhold og editorials. Dette g\u00f8r vi i [&hellip;]<\/p>\n","protected":false},"author":1,"featured_media":0,"parent":0,"menu_order":0,"comment_status":"closed","ping_status":"closed","template":"","meta":{"footnotes":""},"class_list":["post-9","page","type-page","status-publish","hentry","wpbf-post"],"_links":{"self":[{"href":"https:\/\/klixkommunikation.dk\/index.php?rest_route=\/wp\/v2\/pages\/9","targetHints":{"allow":["GET"]}}],"collection":[{"href":"https:\/\/klixkommunikation.dk\/index.php?rest_route=\/wp\/v2\/pages"}],"about":[{"href":"https:\/\/klixkommunikation.dk\/index.php?rest_route=\/wp\/v2\/types\/page"}],"author":[{"embeddable":true,"href":"https:\/\/klixkommunikation.dk\/index.php?rest_route=\/wp\/v2\/users\/1"}],"replies":[{"embeddable":true,"href":"https:\/\/klixkommunikation.dk\/index.php?rest_route=%2Fwp%2Fv2%2Fcomments&post=9"}],"version-history":[{"count":271,"href":"https:\/\/klixkommunikation.dk\/index.php?rest_route=\/wp\/v2\/pages\/9\/revisions"}],"predecessor-version":[{"id":2068,"href":"https:\/\/klixkommunikation.dk\/index.php?rest_route=\/wp\/v2\/pages\/9\/revisions\/2068"}],"wp:attachment":[{"href":"https:\/\/klixkommunikation.dk\/index.php?rest_route=%2Fwp%2Fv2%2Fmedia&parent=9"}],"curies":[{"name":"wp","href":"https:\/\/api.w.org\/{rel}","templated":true}]}}