{"id":268,"date":"2023-04-12T06:51:43","date_gmt":"2023-04-12T06:51:43","guid":{"rendered":"https:\/\/klixkommunikation.dk\/?page_id=268"},"modified":"2026-01-05T14:08:18","modified_gmt":"2026-01-05T14:08:18","slug":"om-os","status":"publish","type":"page","link":"https:\/\/klixkommunikation.dk\/?page_id=268","title":{"rendered":"Om os"},"content":{"rendered":"\t\t<div data-elementor-type=\"wp-page\" data-elementor-id=\"268\" class=\"elementor elementor-268\" data-elementor-post-type=\"page\">\n\t\t\t\t\t\t<section class=\"elementor-section elementor-top-section elementor-element elementor-element-cca96d4 elementor-section-full_width elementor-section-stretched elementor-section-height-default elementor-section-height-default\" data-id=\"cca96d4\" data-element_type=\"section\" data-e-type=\"section\" data-settings=\"{&quot;stretch_section&quot;:&quot;section-stretched&quot;}\">\n\t\t\t\t\t\t<div class=\"elementor-container elementor-column-gap-default\">\n\t\t\t\t\t<div class=\"elementor-column elementor-col-25 elementor-top-column elementor-element elementor-element-1fa86e2\" data-id=\"1fa86e2\" data-element_type=\"column\" data-e-type=\"column\">\n\t\t\t<div class=\"elementor-widget-wrap\">\n\t\t\t\t\t\t\t<\/div>\n\t\t<\/div>\n\t\t\t\t<div class=\"elementor-column elementor-col-25 elementor-top-column elementor-element elementor-element-7265362\" data-id=\"7265362\" data-element_type=\"column\" data-e-type=\"column\">\n\t\t\t<div class=\"elementor-widget-wrap elementor-element-populated\">\n\t\t\t\t\t\t<div class=\"elementor-element elementor-element-2378134 elementor-widget elementor-widget-spacer\" data-id=\"2378134\" data-element_type=\"widget\" data-e-type=\"widget\" data-widget_type=\"spacer.default\">\n\t\t\t\t<div class=\"elementor-widget-container\">\n\t\t\t\t\t\t\t<div class=\"elementor-spacer\">\n\t\t\t<div class=\"elementor-spacer-inner\"><\/div>\n\t\t<\/div>\n\t\t\t\t\t\t<\/div>\n\t\t\t\t<\/div>\n\t\t\t\t<div class=\"elementor-element elementor-element-810238f elementor-widget elementor-widget-global elementor-global-1612 elementor-widget-heading\" data-id=\"810238f\" data-element_type=\"widget\" data-e-type=\"widget\" data-widget_type=\"heading.default\">\n\t\t\t\t<div class=\"elementor-widget-container\">\n\t\t\t\t\t<h4 class=\"elementor-heading-title elementor-size-default\">Om os<\/h4>\t\t\t\t<\/div>\n\t\t\t\t<\/div>\n\t\t\t\t<div class=\"elementor-element elementor-element-b785ec2 elementor-widget elementor-widget-heading\" data-id=\"b785ec2\" data-element_type=\"widget\" data-e-type=\"widget\" data-widget_type=\"heading.default\">\n\t\t\t\t<div class=\"elementor-widget-container\">\n\t\t\t\t\t<h2 class=\"elementor-heading-title elementor-size-default\">Bureau med <br>\nspeciale i livsstil<\/h2>\t\t\t\t<\/div>\n\t\t\t\t<\/div>\n\t\t\t\t<div class=\"elementor-element elementor-element-6760bd2 elementor-widget__width-initial elementor-widget elementor-widget-text-editor\" data-id=\"6760bd2\" data-element_type=\"widget\" data-e-type=\"widget\" data-widget_type=\"text-editor.default\">\n\t\t\t\t<div class=\"elementor-widget-container\">\n\t\t\t\t\t\t\t\t\t<p>Hos Klix Kommunikation har vi mere end 20 \u00e5rs erfaring med PR og strategisk kommunikation. Vi har speciale i udarbejdelse af strategier og PR-planer for danske og internationale virksomheder, der besk\u00e6ftiger sig med livsstil; alt fra mode og mad til oplevelser og design. Vi skaber \u2013 gennem inspirerende indhold til en lang r\u00e6kke f\u00f8rende magasiner og onlinemedier \u2013 eksponering for vores kunder, samt udarbejder content til sociale medier, brochurer, b\u00f8ger og kampagner \u2013 altid med en st\u00e6rk forst\u00e5else for det visuelle udtryk og det skriftlige indhold.<\/p><p>Vores team best\u00e5r af brand managers, tekstforfattere, content creators, layoutere og fotografer, hvilket sikrer en bred vifte af st\u00e6rke kompetencer. Vi skaber m\u00e5lrettede og gennemf\u00f8rte l\u00f8sninger til dit brand, hvor b\u00e5de kvalitet og kreativitet er i h\u00f8js\u00e6det.<\/p><p>Vi holder til i hjertet af Frederiksberg, hvor vi b\u00e5de har kontor og showroom.<\/p>\t\t\t\t\t\t\t\t<\/div>\n\t\t\t\t<\/div>\n\t\t\t\t<div class=\"elementor-element elementor-element-952211a elementor-align-left elementor-mobile-align-center elementor-widget elementor-widget-button\" data-id=\"952211a\" data-element_type=\"widget\" data-e-type=\"widget\" data-widget_type=\"button.default\">\n\t\t\t\t<div class=\"elementor-widget-container\">\n\t\t\t\t\t\t\t\t\t<div class=\"elementor-button-wrapper\">\n\t\t\t\t\t<a class=\"elementor-button elementor-button-link elementor-size-xs\" href=\"https:\/\/klixkommunikation.dk\/?page_id=317\">\n\t\t\t\t\t\t<span class=\"elementor-button-content-wrapper\">\n\t\t\t\t\t\t<span class=\"elementor-button-icon\">\n\t\t\t\t<i aria-hidden=\"true\" class=\"fas fa-plus\"><\/i>\t\t\t<\/span>\n\t\t\t\t\t\t\t\t\t<span class=\"elementor-button-text\">Kontakt os<\/span>\n\t\t\t\t\t<\/span>\n\t\t\t\t\t<\/a>\n\t\t\t\t<\/div>\n\t\t\t\t\t\t\t\t<\/div>\n\t\t\t\t<\/div>\n\t\t\t\t<div class=\"elementor-element elementor-element-6e21cae elementor-hidden-desktop elementor-hidden-mobile elementor-widget elementor-widget-spacer\" data-id=\"6e21cae\" data-element_type=\"widget\" data-e-type=\"widget\" data-widget_type=\"spacer.default\">\n\t\t\t\t<div class=\"elementor-widget-container\">\n\t\t\t\t\t\t\t<div class=\"elementor-spacer\">\n\t\t\t<div class=\"elementor-spacer-inner\"><\/div>\n\t\t<\/div>\n\t\t\t\t\t\t<\/div>\n\t\t\t\t<\/div>\n\t\t\t\t\t<\/div>\n\t\t<\/div>\n\t\t\t\t<div class=\"elementor-column elementor-col-25 elementor-top-column elementor-element elementor-element-279588d elementor-hidden-tablet\" data-id=\"279588d\" data-element_type=\"column\" data-e-type=\"column\">\n\t\t\t<div class=\"elementor-widget-wrap\">\n\t\t\t\t\t\t\t<\/div>\n\t\t<\/div>\n\t\t\t\t<div class=\"elementor-column elementor-col-25 elementor-top-column elementor-element elementor-element-2b8f073 elementor-hidden-tablet\" data-id=\"2b8f073\" data-element_type=\"column\" data-e-type=\"column\">\n\t\t\t<div class=\"elementor-widget-wrap elementor-element-populated\">\n\t\t\t\t\t\t<div class=\"elementor-element elementor-element-dbc59dd elementor-grid-1 elementor-hidden-mobile elementor-shape-rounded e-grid-align-center elementor-widget elementor-widget-social-icons\" data-id=\"dbc59dd\" data-element_type=\"widget\" data-e-type=\"widget\" data-widget_type=\"social-icons.default\">\n\t\t\t\t<div class=\"elementor-widget-container\">\n\t\t\t\t\t\t\t<div class=\"elementor-social-icons-wrapper elementor-grid\" role=\"list\">\n\t\t\t\t\t\t\t<span class=\"elementor-grid-item\" role=\"listitem\">\n\t\t\t\t\t<a class=\"elementor-icon elementor-social-icon elementor-social-icon-instagram elementor-repeater-item-a824e36\" href=\"https:\/\/www.instagram.com\/klixkommunikation\/\" target=\"_blank\">\n\t\t\t\t\t\t<span class=\"elementor-screen-only\">Instagram<\/span>\n\t\t\t\t\t\t<i aria-hidden=\"true\" class=\"fab fa-instagram\"><\/i>\t\t\t\t\t<\/a>\n\t\t\t\t<\/span>\n\t\t\t\t\t\t\t<span class=\"elementor-grid-item\" role=\"listitem\">\n\t\t\t\t\t<a class=\"elementor-icon elementor-social-icon elementor-social-icon-facebook elementor-repeater-item-ebbe0b5\" href=\"https:\/\/www.facebook.com\/KlixKommunikation\" target=\"_blank\">\n\t\t\t\t\t\t<span class=\"elementor-screen-only\">Facebook<\/span>\n\t\t\t\t\t\t<i aria-hidden=\"true\" class=\"fab fa-facebook\"><\/i>\t\t\t\t\t<\/a>\n\t\t\t\t<\/span>\n\t\t\t\t\t\t\t<span class=\"elementor-grid-item\" role=\"listitem\">\n\t\t\t\t\t<a class=\"elementor-icon elementor-social-icon elementor-social-icon-linkedin-in elementor-repeater-item-30c360f\" href=\"https:\/\/www.linkedin.com\/company\/71202957\/admin\/\" target=\"_blank\">\n\t\t\t\t\t\t<span class=\"elementor-screen-only\">Linkedin-in<\/span>\n\t\t\t\t\t\t<i aria-hidden=\"true\" class=\"fab fa-linkedin-in\"><\/i>\t\t\t\t\t<\/a>\n\t\t\t\t<\/span>\n\t\t\t\t\t<\/div>\n\t\t\t\t\t\t<\/div>\n\t\t\t\t<\/div>\n\t\t\t\t\t<\/div>\n\t\t<\/div>\n\t\t\t\t\t<\/div>\n\t\t<\/section>\n\t\t\t\t<section class=\"elementor-section elementor-top-section elementor-element elementor-element-f492d24 elementor-section-stretched elementor-section-full_width elementor-section-height-default elementor-section-height-default\" data-id=\"f492d24\" data-element_type=\"section\" data-e-type=\"section\" data-settings=\"{&quot;stretch_section&quot;:&quot;section-stretched&quot;}\">\n\t\t\t\t\t\t<div class=\"elementor-container elementor-column-gap-default\">\n\t\t\t\t\t<div class=\"elementor-column elementor-col-20 elementor-top-column elementor-element elementor-element-3921366\" data-id=\"3921366\" data-element_type=\"column\" data-e-type=\"column\">\n\t\t\t<div class=\"elementor-widget-wrap\">\n\t\t\t\t\t\t\t<\/div>\n\t\t<\/div>\n\t\t\t\t<div class=\"elementor-column elementor-col-20 elementor-top-column elementor-element elementor-element-db77ac4\" data-id=\"db77ac4\" data-element_type=\"column\" data-e-type=\"column\">\n\t\t\t<div class=\"elementor-widget-wrap\">\n\t\t\t\t\t\t\t<\/div>\n\t\t<\/div>\n\t\t\t\t<div class=\"elementor-column elementor-col-20 elementor-top-column elementor-element elementor-element-3f556af\" data-id=\"3f556af\" data-element_type=\"column\" data-e-type=\"column\">\n\t\t\t<div class=\"elementor-widget-wrap elementor-element-populated\">\n\t\t\t\t\t\t<div class=\"elementor-element elementor-element-020bdde elementor-widget elementor-widget-image\" data-id=\"020bdde\" data-element_type=\"widget\" data-e-type=\"widget\" data-widget_type=\"image.default\">\n\t\t\t\t<div class=\"elementor-widget-container\">\n\t\t\t\t\t\t\t\t\t\t\t\t\t\t\t<img fetchpriority=\"high\" decoding=\"async\" width=\"1600\" height=\"2133\" src=\"https:\/\/klixkommunikation.dk\/wp-content\/smush-webp\/2023\/05\/Om_os.jpg.webp\" class=\"attachment-full size-full wp-image-1370\" alt=\"\" srcset=\"https:\/\/klixkommunikation.dk\/wp-content\/smush-webp\/2023\/05\/Om_os.jpg.webp 1600w, https:\/\/klixkommunikation.dk\/wp-content\/smush-webp\/2023\/05\/Om_os-225x300.jpg.webp 225w, https:\/\/klixkommunikation.dk\/wp-content\/smush-webp\/2023\/05\/Om_os-768x1024.jpg.webp 768w, https:\/\/klixkommunikation.dk\/wp-content\/smush-webp\/2023\/05\/Om_os-1152x1536.jpg.webp 1152w, https:\/\/klixkommunikation.dk\/wp-content\/smush-webp\/2023\/05\/Om_os-1536x2048.jpg.webp 1536w\" sizes=\"(max-width: 1600px) 100vw, 1600px\" \/>\t\t\t\t\t\t\t\t\t\t\t\t\t\t\t<\/div>\n\t\t\t\t<\/div>\n\t\t\t\t\t<\/div>\n\t\t<\/div>\n\t\t\t\t<div class=\"elementor-column elementor-col-20 elementor-top-column elementor-element elementor-element-963d3ad\" data-id=\"963d3ad\" data-element_type=\"column\" data-e-type=\"column\">\n\t\t\t<div class=\"elementor-widget-wrap elementor-element-populated\">\n\t\t\t\t\t\t<div class=\"elementor-element elementor-element-48eed92 elementor-widget elementor-widget-image\" data-id=\"48eed92\" data-element_type=\"widget\" data-e-type=\"widget\" data-widget_type=\"image.default\">\n\t\t\t\t<div class=\"elementor-widget-container\">\n\t\t\t\t\t\t\t\t\t\t\t\t\t\t\t<img decoding=\"async\" width=\"1600\" height=\"2133\" data-src=\"https:\/\/klixkommunikation.dk\/wp-content\/smush-webp\/2023\/05\/Om_os2.jpg.webp\" class=\"attachment-full size-full wp-image-1371 lazyload\" alt=\"\" data-srcset=\"https:\/\/klixkommunikation.dk\/wp-content\/smush-webp\/2023\/05\/Om_os2.jpg.webp 1600w, https:\/\/klixkommunikation.dk\/wp-content\/smush-webp\/2023\/05\/Om_os2-225x300.jpg.webp 225w, https:\/\/klixkommunikation.dk\/wp-content\/smush-webp\/2023\/05\/Om_os2-768x1024.jpg.webp 768w, https:\/\/klixkommunikation.dk\/wp-content\/smush-webp\/2023\/05\/Om_os2-1152x1536.jpg.webp 1152w, https:\/\/klixkommunikation.dk\/wp-content\/smush-webp\/2023\/05\/Om_os2-1536x2048.jpg.webp 1536w\" data-sizes=\"(max-width: 1600px) 100vw, 1600px\" src=\"data:image\/svg+xml;base64,PHN2ZyB3aWR0aD0iMSIgaGVpZ2h0PSIxIiB4bWxucz0iaHR0cDovL3d3dy53My5vcmcvMjAwMC9zdmciPjwvc3ZnPg==\" style=\"--smush-placeholder-width: 1600px; --smush-placeholder-aspect-ratio: 1600\/2133;\" \/>\t\t\t\t\t\t\t\t\t\t\t\t\t\t\t<\/div>\n\t\t\t\t<\/div>\n\t\t\t\t\t<\/div>\n\t\t<\/div>\n\t\t\t\t<div class=\"elementor-column elementor-col-20 elementor-top-column elementor-element elementor-element-dee5259\" data-id=\"dee5259\" data-element_type=\"column\" data-e-type=\"column\">\n\t\t\t<div class=\"elementor-widget-wrap\">\n\t\t\t\t\t\t\t<\/div>\n\t\t<\/div>\n\t\t\t\t\t<\/div>\n\t\t<\/section>\n\t\t\t\t<\/div>\n\t\t","protected":false},"excerpt":{"rendered":"<p>Om os Bureau med speciale i livsstil Hos Klix Kommunikation har vi mere end 20 \u00e5rs erfaring med PR og strategisk kommunikation. Vi har speciale i udarbejdelse af strategier og PR-planer for danske og internationale virksomheder, der besk\u00e6ftiger sig med livsstil; alt fra mode og mad til oplevelser og design. Vi skaber \u2013 gennem inspirerende [&hellip;]<\/p>\n","protected":false},"author":1,"featured_media":0,"parent":0,"menu_order":0,"comment_status":"closed","ping_status":"closed","template":"","meta":{"footnotes":""},"class_list":["post-268","page","type-page","status-publish","hentry","wpbf-post"],"_links":{"self":[{"href":"https:\/\/klixkommunikation.dk\/index.php?rest_route=\/wp\/v2\/pages\/268","targetHints":{"allow":["GET"]}}],"collection":[{"href":"https:\/\/klixkommunikation.dk\/index.php?rest_route=\/wp\/v2\/pages"}],"about":[{"href":"https:\/\/klixkommunikation.dk\/index.php?rest_route=\/wp\/v2\/types\/page"}],"author":[{"embeddable":true,"href":"https:\/\/klixkommunikation.dk\/index.php?rest_route=\/wp\/v2\/users\/1"}],"replies":[{"embeddable":true,"href":"https:\/\/klixkommunikation.dk\/index.php?rest_route=%2Fwp%2Fv2%2Fcomments&post=268"}],"version-history":[{"count":136,"href":"https:\/\/klixkommunikation.dk\/index.php?rest_route=\/wp\/v2\/pages\/268\/revisions"}],"predecessor-version":[{"id":2369,"href":"https:\/\/klixkommunikation.dk\/index.php?rest_route=\/wp\/v2\/pages\/268\/revisions\/2369"}],"wp:attachment":[{"href":"https:\/\/klixkommunikation.dk\/index.php?rest_route=%2Fwp%2Fv2%2Fmedia&parent=268"}],"curies":[{"name":"wp","href":"https:\/\/api.w.org\/{rel}","templated":true}]}}