{"id":2395,"date":"2026-04-21T07:31:06","date_gmt":"2026-04-21T07:31:06","guid":{"rendered":"https:\/\/klixkommunikation.dk\/?page_id=2395"},"modified":"2026-04-21T09:13:40","modified_gmt":"2026-04-21T09:13:40","slug":"some-manager","status":"publish","type":"page","link":"https:\/\/klixkommunikation.dk\/?page_id=2395","title":{"rendered":"Job &#8211; Social Media Manager"},"content":{"rendered":"\t\t<div data-elementor-type=\"wp-page\" data-elementor-id=\"2395\" class=\"elementor elementor-2395\" data-elementor-post-type=\"page\">\n\t\t\t\t\t\t<section class=\"elementor-section elementor-top-section elementor-element elementor-element-53a1b0eb elementor-section-full_width elementor-section-stretched elementor-section-height-default elementor-section-height-default\" data-id=\"53a1b0eb\" data-element_type=\"section\" data-e-type=\"section\" data-settings=\"{&quot;stretch_section&quot;:&quot;section-stretched&quot;}\">\n\t\t\t\t\t\t<div class=\"elementor-container elementor-column-gap-default\">\n\t\t\t\t\t<div class=\"elementor-column elementor-col-25 elementor-top-column elementor-element elementor-element-d64674d\" data-id=\"d64674d\" data-element_type=\"column\" data-e-type=\"column\">\n\t\t\t<div class=\"elementor-widget-wrap\">\n\t\t\t\t\t\t\t<\/div>\n\t\t<\/div>\n\t\t\t\t<div class=\"elementor-column elementor-col-25 elementor-top-column elementor-element elementor-element-40716532\" data-id=\"40716532\" data-element_type=\"column\" data-e-type=\"column\">\n\t\t\t<div class=\"elementor-widget-wrap elementor-element-populated\">\n\t\t\t\t\t\t<div class=\"elementor-element elementor-element-60afb9e5 elementor-widget elementor-widget-spacer\" data-id=\"60afb9e5\" data-element_type=\"widget\" data-e-type=\"widget\" data-widget_type=\"spacer.default\">\n\t\t\t\t<div class=\"elementor-widget-container\">\n\t\t\t\t\t\t\t<div class=\"elementor-spacer\">\n\t\t\t<div class=\"elementor-spacer-inner\"><\/div>\n\t\t<\/div>\n\t\t\t\t\t\t<\/div>\n\t\t\t\t<\/div>\n\t\t\t\t<div class=\"elementor-element elementor-element-3578220 elementor-widget elementor-widget-heading\" data-id=\"3578220\" data-element_type=\"widget\" data-e-type=\"widget\" data-widget_type=\"heading.default\">\n\t\t\t\t<div class=\"elementor-widget-container\">\n\t\t\t\t\t<h4 class=\"elementor-heading-title elementor-size-default\">Ledig stilling<\/h4>\t\t\t\t<\/div>\n\t\t\t\t<\/div>\n\t\t\t\t<div class=\"elementor-element elementor-element-7376371a elementor-widget elementor-widget-heading\" data-id=\"7376371a\" data-element_type=\"widget\" data-e-type=\"widget\" data-widget_type=\"heading.default\">\n\t\t\t\t<div class=\"elementor-widget-container\">\n\t\t\t\t\t<h2 class=\"elementor-heading-title elementor-size-default\">Social Media Manager (deltid) med flair for content, strategi og performance<\/h2>\t\t\t\t<\/div>\n\t\t\t\t<\/div>\n\t\t\t\t<div class=\"elementor-element elementor-element-4a1f4eb8 elementor-widget__width-initial elementor-widget elementor-widget-text-editor\" data-id=\"4a1f4eb8\" data-element_type=\"widget\" data-e-type=\"widget\" data-widget_type=\"text-editor.default\">\n\t\t\t\t<div class=\"elementor-widget-container\">\n\t\t\t\t\t\t\t\t\t<p><strong>Er du skarp p\u00e5 sociale medier \u2013 b\u00e5de kreativt og strategisk? Har du styr p\u00e5, hvad der skaber engagement, og hvordan man oms\u00e6tter id\u00e9er til content, der performer? S\u00e5 er det m\u00e5ske dig, vi leder efter.<\/strong><\/p><p>Vi s\u00f8ger en ambiti\u00f8s SoMe Manager p\u00e5 deltid til vores PR- og kommunikationsbureau p\u00e5 Frederiksberg. Du bliver en del af et kreativt team p\u00e5 ca. 10 personer, hvor vi arbejder med livsstils-PR og sociale medier inden for bolig, mode og gastronomi.<\/p><p>Her f\u00e5r du mulighed for at tage ansvar, udvikle dine kompetencer og arbejde t\u00e6t sammen med b\u00e5de kolleger og sp\u00e6ndende kunder.<\/p><p><strong>Om dig<\/strong><br \/>Du har en relevant uddannelse inden for kommunikation, marketing eller lignende \u2013 og gerne noget erfaring med sociale medier i praksis.<\/p><p>Derudover forestiller vi os, at du:<\/p><ul><li>Har en st\u00e6rk forst\u00e5else for sociale medier og digital adf\u00e6rd<\/li><li>Kan udvikle content, der b\u00e5de er kreativt og performance-orienteret<\/li><li>Har erfaring med platforme som Facebook og Instagram og evt. Pinterest og TikTok<\/li><li>Har kendskab til annoncering (Meta Ads er en fordel, men ikke et krav)<\/li><li>Arbejder struktureret og har sans for planl\u00e6gning<\/li><li>Har erfaring med Adobe Creative Cloud (Photoshop, InDesign og evt. Illustrator)<\/li><li>Er nysgerrig, proaktiv og god til at arbejde sammen<\/li><li>T\u00f8r tage ansvar og byde ind med id\u00e9er<\/li><\/ul><p>Dine arbejdsopgaver<\/p><ul><li>Planl\u00e6gge og eksekvere contentstrategier for kunder<\/li><li>Udvikle og producere content til sociale medier (organisk s\u00e5vel som betalt)<\/li><li>Ops\u00e6tte, optimere og f\u00f8lge op p\u00e5 annoncering (prim\u00e6rt Meta)<\/li><li>Analysere performance og justere indhold og strategi l\u00f8bende<\/li><li>Udarbejde contentplaner og sikre overblik i projekter<\/li><li>Skrive f\u00e6ngende captions, hooks og CTA\u2019s<\/li><li>Bidrage til kampagner og kreative koncepter<\/li><li>Deltage i brainstorms, kundem\u00f8der og sparring<\/li><li>Varetage lettere foto- og contentproduktion (en fordel, men ikke et krav)<\/li><\/ul><p><strong>Din hverdag hos os<\/strong><br \/>Du bliver en del af et st\u00e6rkt og kreativt team med fokus p\u00e5 faglighed, samarbejde og en uformel tone. Vi l\u00e6gger v\u00e6gt p\u00e5 et godt arbejdsmilj\u00f8, hvor der er plads til b\u00e5de id\u00e9er, udvikling og gode grin \u2013 ogs\u00e5 ved frokostbordet.<\/p><p>Du vil arbejde t\u00e6t sammen med vores kreative afdeling samt brand managers og f\u00e5 ansvar for egne opgaver og kunder sammen med vores Head of Social.<\/p><p><strong>Praktisk<\/strong><\/p><ul><li>Deltidsstilling (ca. 20 timer om ugen)<\/li><li>Opstart: Hurtigst muligt<\/li><li>Arbejdssted: Frederiksberg<\/li><\/ul><p><strong>Ans\u00f8gning<\/strong><br \/>Send din ans\u00f8gning, CV og evt. portfolio til <a href=\"mailto:maja@klixkommunikation.dk\">maja@klixkommunikation.dk<\/a><br \/>Har du sp\u00f8rgsm\u00e5l til stillingen, er du ogs\u00e5 velkommen til at skrive.<\/p><p>Vi afholder samtaler l\u00f8bende og lukker opslaget, n\u00e5r vi har fundet den rette kandidat.<\/p><p>Vi gl\u00e6der os til at h\u00f8re fra dig.<\/p>\t\t\t\t\t\t\t\t<\/div>\n\t\t\t\t<\/div>\n\t\t\t\t<div class=\"elementor-element elementor-element-395b7148 elementor-align-left elementor-mobile-align-center elementor-widget elementor-widget-button\" data-id=\"395b7148\" data-element_type=\"widget\" data-e-type=\"widget\" data-widget_type=\"button.default\">\n\t\t\t\t<div class=\"elementor-widget-container\">\n\t\t\t\t\t\t\t\t\t<div class=\"elementor-button-wrapper\">\n\t\t\t\t\t<a class=\"elementor-button elementor-button-link elementor-size-xs\" href=\"mailto:maja@klixkommunikation.dk\">\n\t\t\t\t\t\t<span class=\"elementor-button-content-wrapper\">\n\t\t\t\t\t\t<span class=\"elementor-button-icon\">\n\t\t\t\t<i aria-hidden=\"true\" class=\"fas fa-plus\"><\/i>\t\t\t<\/span>\n\t\t\t\t\t\t\t\t\t<span class=\"elementor-button-text\">Ans\u00f8g<\/span>\n\t\t\t\t\t<\/span>\n\t\t\t\t\t<\/a>\n\t\t\t\t<\/div>\n\t\t\t\t\t\t\t\t<\/div>\n\t\t\t\t<\/div>\n\t\t\t\t<div class=\"elementor-element elementor-element-7c9b3ecf elementor-hidden-desktop elementor-hidden-mobile elementor-widget elementor-widget-spacer\" data-id=\"7c9b3ecf\" data-element_type=\"widget\" data-e-type=\"widget\" data-widget_type=\"spacer.default\">\n\t\t\t\t<div class=\"elementor-widget-container\">\n\t\t\t\t\t\t\t<div class=\"elementor-spacer\">\n\t\t\t<div class=\"elementor-spacer-inner\"><\/div>\n\t\t<\/div>\n\t\t\t\t\t\t<\/div>\n\t\t\t\t<\/div>\n\t\t\t\t\t<\/div>\n\t\t<\/div>\n\t\t\t\t<div class=\"elementor-column elementor-col-25 elementor-top-column elementor-element elementor-element-b16fc0d elementor-hidden-tablet\" data-id=\"b16fc0d\" data-element_type=\"column\" data-e-type=\"column\">\n\t\t\t<div class=\"elementor-widget-wrap elementor-element-populated\">\n\t\t\t\t\t\t<div class=\"elementor-element elementor-element-391a987 elementor-widget elementor-widget-image\" data-id=\"391a987\" data-element_type=\"widget\" data-e-type=\"widget\" data-widget_type=\"image.default\">\n\t\t\t\t<div class=\"elementor-widget-container\">\n\t\t\t\t\t\t\t\t\t\t\t\t\t\t\t<img fetchpriority=\"high\" decoding=\"async\" width=\"768\" height=\"1024\" src=\"https:\/\/klixkommunikation.dk\/wp-content\/smush-webp\/2026\/01\/city-apartmenta5-768x1024.jpg.webp\" class=\"attachment-large size-large wp-image-2223\" alt=\"\" srcset=\"https:\/\/klixkommunikation.dk\/wp-content\/smush-webp\/2026\/01\/city-apartmenta5-768x1024.jpg.webp 768w, https:\/\/klixkommunikation.dk\/wp-content\/smush-webp\/2026\/01\/city-apartmenta5-225x300.jpg.webp 225w, https:\/\/klixkommunikation.dk\/wp-content\/smush-webp\/2026\/01\/city-apartmenta5.jpg.webp 875w\" sizes=\"(max-width: 768px) 100vw, 768px\" \/>\t\t\t\t\t\t\t\t\t\t\t\t\t\t\t<\/div>\n\t\t\t\t<\/div>\n\t\t\t\t<div class=\"elementor-element elementor-element-7f714c0 elementor-hidden-desktop elementor-hidden-mobile elementor-widget elementor-widget-spacer\" data-id=\"7f714c0\" data-element_type=\"widget\" data-e-type=\"widget\" data-widget_type=\"spacer.default\">\n\t\t\t\t<div class=\"elementor-widget-container\">\n\t\t\t\t\t\t\t<div class=\"elementor-spacer\">\n\t\t\t<div class=\"elementor-spacer-inner\"><\/div>\n\t\t<\/div>\n\t\t\t\t\t\t<\/div>\n\t\t\t\t<\/div>\n\t\t\t\t\t<\/div>\n\t\t<\/div>\n\t\t\t\t<div class=\"elementor-column elementor-col-25 elementor-top-column elementor-element elementor-element-5ee4e387 elementor-hidden-tablet\" data-id=\"5ee4e387\" data-element_type=\"column\" data-e-type=\"column\">\n\t\t\t<div class=\"elementor-widget-wrap elementor-element-populated\">\n\t\t\t\t\t\t<div class=\"elementor-element elementor-element-3f0765d elementor-grid-1 elementor-hidden-mobile elementor-shape-rounded e-grid-align-center elementor-widget elementor-widget-social-icons\" data-id=\"3f0765d\" data-element_type=\"widget\" data-e-type=\"widget\" data-widget_type=\"social-icons.default\">\n\t\t\t\t<div class=\"elementor-widget-container\">\n\t\t\t\t\t\t\t<div class=\"elementor-social-icons-wrapper elementor-grid\" role=\"list\">\n\t\t\t\t\t\t\t<span class=\"elementor-grid-item\" role=\"listitem\">\n\t\t\t\t\t<a class=\"elementor-icon elementor-social-icon elementor-social-icon-instagram elementor-repeater-item-a824e36\" href=\"https:\/\/www.instagram.com\/klixkommunikation\/\" target=\"_blank\">\n\t\t\t\t\t\t<span class=\"elementor-screen-only\">Instagram<\/span>\n\t\t\t\t\t\t<i aria-hidden=\"true\" class=\"fab fa-instagram\"><\/i>\t\t\t\t\t<\/a>\n\t\t\t\t<\/span>\n\t\t\t\t\t\t\t<span class=\"elementor-grid-item\" role=\"listitem\">\n\t\t\t\t\t<a class=\"elementor-icon elementor-social-icon elementor-social-icon-facebook elementor-repeater-item-ebbe0b5\" href=\"https:\/\/www.facebook.com\/KlixKommunikation\" target=\"_blank\">\n\t\t\t\t\t\t<span class=\"elementor-screen-only\">Facebook<\/span>\n\t\t\t\t\t\t<i aria-hidden=\"true\" class=\"fab fa-facebook\"><\/i>\t\t\t\t\t<\/a>\n\t\t\t\t<\/span>\n\t\t\t\t\t\t\t<span class=\"elementor-grid-item\" role=\"listitem\">\n\t\t\t\t\t<a class=\"elementor-icon elementor-social-icon elementor-social-icon-linkedin-in elementor-repeater-item-30c360f\" href=\"https:\/\/www.linkedin.com\/company\/71202957\/admin\/\" target=\"_blank\">\n\t\t\t\t\t\t<span class=\"elementor-screen-only\">Linkedin-in<\/span>\n\t\t\t\t\t\t<i aria-hidden=\"true\" class=\"fab fa-linkedin-in\"><\/i>\t\t\t\t\t<\/a>\n\t\t\t\t<\/span>\n\t\t\t\t\t<\/div>\n\t\t\t\t\t\t<\/div>\n\t\t\t\t<\/div>\n\t\t\t\t\t<\/div>\n\t\t<\/div>\n\t\t\t\t\t<\/div>\n\t\t<\/section>\n\t\t\t\t<\/div>\n\t\t","protected":false},"excerpt":{"rendered":"<p>Ledig stilling Social Media Manager (deltid) med flair for content, strategi og performance Er du skarp p\u00e5 sociale medier \u2013 b\u00e5de kreativt og strategisk? Har du styr p\u00e5, hvad der skaber engagement, og hvordan man oms\u00e6tter id\u00e9er til content, der performer? S\u00e5 er det m\u00e5ske dig, vi leder efter. Vi s\u00f8ger en ambiti\u00f8s SoMe Manager [&hellip;]<\/p>\n","protected":false},"author":1,"featured_media":0,"parent":0,"menu_order":0,"comment_status":"closed","ping_status":"closed","template":"","meta":{"footnotes":""},"class_list":["post-2395","page","type-page","status-publish","hentry","wpbf-post"],"_links":{"self":[{"href":"https:\/\/klixkommunikation.dk\/index.php?rest_route=\/wp\/v2\/pages\/2395","targetHints":{"allow":["GET"]}}],"collection":[{"href":"https:\/\/klixkommunikation.dk\/index.php?rest_route=\/wp\/v2\/pages"}],"about":[{"href":"https:\/\/klixkommunikation.dk\/index.php?rest_route=\/wp\/v2\/types\/page"}],"author":[{"embeddable":true,"href":"https:\/\/klixkommunikation.dk\/index.php?rest_route=\/wp\/v2\/users\/1"}],"replies":[{"embeddable":true,"href":"https:\/\/klixkommunikation.dk\/index.php?rest_route=%2Fwp%2Fv2%2Fcomments&post=2395"}],"version-history":[{"count":11,"href":"https:\/\/klixkommunikation.dk\/index.php?rest_route=\/wp\/v2\/pages\/2395\/revisions"}],"predecessor-version":[{"id":2411,"href":"https:\/\/klixkommunikation.dk\/index.php?rest_route=\/wp\/v2\/pages\/2395\/revisions\/2411"}],"wp:attachment":[{"href":"https:\/\/klixkommunikation.dk\/index.php?rest_route=%2Fwp%2Fv2%2Fmedia&parent=2395"}],"curies":[{"name":"wp","href":"https:\/\/api.w.org\/{rel}","templated":true}]}}