{"id":1601,"date":"2024-02-14T09:16:20","date_gmt":"2024-02-14T09:16:20","guid":{"rendered":"https:\/\/klixkommunikation.dk\/?page_id=1601"},"modified":"2026-04-09T08:27:30","modified_gmt":"2026-04-09T08:27:30","slug":"job","status":"publish","type":"page","link":"https:\/\/klixkommunikation.dk\/?page_id=1601","title":{"rendered":"Job"},"content":{"rendered":"\t\t<div data-elementor-type=\"wp-page\" data-elementor-id=\"1601\" class=\"elementor elementor-1601\" data-elementor-post-type=\"page\">\n\t\t\t\t\t\t<section class=\"elementor-section elementor-top-section elementor-element elementor-element-53a1b0eb elementor-section-full_width elementor-section-stretched elementor-section-height-default elementor-section-height-default\" data-id=\"53a1b0eb\" data-element_type=\"section\" data-e-type=\"section\" data-settings=\"{&quot;stretch_section&quot;:&quot;section-stretched&quot;}\">\n\t\t\t\t\t\t<div class=\"elementor-container elementor-column-gap-default\">\n\t\t\t\t\t<div class=\"elementor-column elementor-col-25 elementor-top-column elementor-element elementor-element-d64674d\" data-id=\"d64674d\" data-element_type=\"column\" data-e-type=\"column\">\n\t\t\t<div class=\"elementor-widget-wrap\">\n\t\t\t\t\t\t\t<\/div>\n\t\t<\/div>\n\t\t\t\t<div class=\"elementor-column elementor-col-25 elementor-top-column elementor-element elementor-element-40716532\" data-id=\"40716532\" data-element_type=\"column\" data-e-type=\"column\">\n\t\t\t<div class=\"elementor-widget-wrap elementor-element-populated\">\n\t\t\t\t\t\t<div class=\"elementor-element elementor-element-60afb9e5 elementor-widget elementor-widget-spacer\" data-id=\"60afb9e5\" data-element_type=\"widget\" data-e-type=\"widget\" data-widget_type=\"spacer.default\">\n\t\t\t\t<div class=\"elementor-widget-container\">\n\t\t\t\t\t\t\t<div class=\"elementor-spacer\">\n\t\t\t<div class=\"elementor-spacer-inner\"><\/div>\n\t\t<\/div>\n\t\t\t\t\t\t<\/div>\n\t\t\t\t<\/div>\n\t\t\t\t<div class=\"elementor-element elementor-element-3578220 elementor-widget elementor-widget-heading\" data-id=\"3578220\" data-element_type=\"widget\" data-e-type=\"widget\" data-widget_type=\"heading.default\">\n\t\t\t\t<div class=\"elementor-widget-container\">\n\t\t\t\t\t<h4 class=\"elementor-heading-title elementor-size-default\">Ledig stilling<\/h4>\t\t\t\t<\/div>\n\t\t\t\t<\/div>\n\t\t\t\t<div class=\"elementor-element elementor-element-7376371a elementor-widget elementor-widget-heading\" data-id=\"7376371a\" data-element_type=\"widget\" data-e-type=\"widget\" data-widget_type=\"heading.default\">\n\t\t\t\t<div class=\"elementor-widget-container\">\n\t\t\t\t\t<h2 class=\"elementor-heading-title elementor-size-default\">Content Creator med flair for SoMe, annoncering og planl\u00e6gning<\/h2>\t\t\t\t<\/div>\n\t\t\t\t<\/div>\n\t\t\t\t<div class=\"elementor-element elementor-element-4a1f4eb8 elementor-widget__width-initial elementor-widget elementor-widget-text-editor\" data-id=\"4a1f4eb8\" data-element_type=\"widget\" data-e-type=\"widget\" data-widget_type=\"text-editor.default\">\n\t\t\t\t<div class=\"elementor-widget-container\">\n\t\t\t\t\t\t\t\t\t<p><strong>Er du klar til at oms\u00e6tte din kreative passion til content, der performer? Er du struktureret, nysgerrig og har \u00f8je for, hvad der virker p\u00e5 sociale medier? Br\u00e6nder du for visuel kommunikation, content creation og digital tilstedev\u00e6relse \u2013 og dr\u00f8mmer du om at udvikle dig i et professionelt milj\u00f8 med sp\u00e6ndende kunder og samarbejdspartnere?<\/strong><\/p><p>Vi s\u00f8ger en ambiti\u00f8s Content Creator p\u00e5 deltid til vores SoMe team i vores PR- og kommunikationsbureau p\u00e5 Gammel Kongevej, Frederiksberg. Her bliver du en del af en kreativ arbejdsplads p\u00e5 ca. 10 personer, der arbejder med livsstils-PR og SoMe inden for bolig, mode og gastronomi.<\/p><p>Du er nyuddannet eller uddannelse \u2013 m\u00e5ske inden for kommunikation, marketing eller multimediedesign \u2013 og har en st\u00e6rk interesse for sociale medier og digital content.<\/p><p>Du:<\/p><ul><li>Har flair for SoMe og forst\u00e5r, hvad der skaber engagement<\/li><li>Har erfaring med content creation til platforme som Instagram<\/li><li>Har kendskab til annoncering (Meta Ads er et plus)<\/li><li>Arbejder struktureret og har sans for planl\u00e6gning og overblik<\/li><li>Har erfaring med Adobe Creative Cloud (Photoshop, InDesign, Illustrator)<\/li><li>Er nysgerrig, udadvendt og trives b\u00e5de selvst\u00e6ndigt og i team<\/li><li>T\u00f8r byde ind med id\u00e9er og t\u00e6nker kreativt \u2013 ogs\u00e5 n\u00e5r det g\u00e6lder performance<\/li><\/ul><p><strong>Din hverdag hos Klix Kommunikation<\/strong><br \/>Du vil v\u00e6re en del af et st\u00e6rkt kvinde-team, som v\u00e6rner om det gode f\u00e6llesskab og de gode samtaler ved frokostbordet. Du vil indg\u00e5 i et team og bidrage til projekter i t\u00e6t samarbejde med vores dygtige brand managers og kreative afdeling.<\/p><p>Dine arbejdsopgaver<\/p><ul><li>Udvikle og producere content til sociale medier (organisk og betalt)<\/li><li>Planl\u00e6gge og strukturere contentplaner<\/li><li>Ops\u00e6tte, optimere og f\u00f8lge op p\u00e5 annoncering (prim\u00e6rt Meta)<\/li><li>Analysere performance og justere content derefter<\/li><li>Varetage mindre fotoopgaver og contentproduktion \u2013 det er en fordel, hvis du har erfaring bag kameraet<\/li><li>Bidrage til kampagner og kreative koncepter<\/li><li>Underst\u00f8tte vores SoMe-afdeling med visuelt og strategisk indhold<\/li><li>Deltage i brainstorms og kundem\u00f8der med id\u00e9er og input<\/li><li>Indg\u00e5 i den daglige dialog og sparring med kunder<\/li><li>Udarbejde f\u00e6ngende og m\u00e5lrettede captions til sociale medier \u2013 s\u00e6rligt Instagram (captions, hooks og CTA\u2019s)<\/li><\/ul><p><strong>Er du interesseret i stillingen?<\/strong><br \/>Stillingen er en deltidsstilling p\u00e5 ca. 20 timer om ugen med forventet opstart hurtigst muligt.<\/p><p>Send din ans\u00f8gning og CV til Maja p\u00e5 <a href=\"mailto:Maja@klixkommunikation.dk\">Maja@klixkommunikation.dk<\/a>. Sp\u00f8rgsm\u00e5l vedr\u00f8rende stillingen sendes ligeledes hertil.<\/p><p>Vi afholder l\u00f8bende samtaler og forbeholder os retten til at fjerne stillingsopslaget fra nettet, n\u00e5r vi har fundet den rette kandidat.<\/p>\t\t\t\t\t\t\t\t<\/div>\n\t\t\t\t<\/div>\n\t\t\t\t<div class=\"elementor-element elementor-element-395b7148 elementor-align-left elementor-mobile-align-center elementor-widget elementor-widget-button\" data-id=\"395b7148\" data-element_type=\"widget\" data-e-type=\"widget\" data-widget_type=\"button.default\">\n\t\t\t\t<div class=\"elementor-widget-container\">\n\t\t\t\t\t\t\t\t\t<div class=\"elementor-button-wrapper\">\n\t\t\t\t\t<a class=\"elementor-button elementor-button-link elementor-size-xs\" href=\"mailto:maja@klixkommunikation.dk\">\n\t\t\t\t\t\t<span class=\"elementor-button-content-wrapper\">\n\t\t\t\t\t\t<span class=\"elementor-button-icon\">\n\t\t\t\t<i aria-hidden=\"true\" class=\"fas fa-plus\"><\/i>\t\t\t<\/span>\n\t\t\t\t\t\t\t\t\t<span class=\"elementor-button-text\">Ans\u00f8g<\/span>\n\t\t\t\t\t<\/span>\n\t\t\t\t\t<\/a>\n\t\t\t\t<\/div>\n\t\t\t\t\t\t\t\t<\/div>\n\t\t\t\t<\/div>\n\t\t\t\t<div class=\"elementor-element elementor-element-7c9b3ecf elementor-hidden-desktop elementor-hidden-mobile elementor-widget elementor-widget-spacer\" data-id=\"7c9b3ecf\" data-element_type=\"widget\" data-e-type=\"widget\" data-widget_type=\"spacer.default\">\n\t\t\t\t<div class=\"elementor-widget-container\">\n\t\t\t\t\t\t\t<div class=\"elementor-spacer\">\n\t\t\t<div class=\"elementor-spacer-inner\"><\/div>\n\t\t<\/div>\n\t\t\t\t\t\t<\/div>\n\t\t\t\t<\/div>\n\t\t\t\t\t<\/div>\n\t\t<\/div>\n\t\t\t\t<div class=\"elementor-column elementor-col-25 elementor-top-column elementor-element elementor-element-b16fc0d elementor-hidden-tablet\" data-id=\"b16fc0d\" data-element_type=\"column\" data-e-type=\"column\">\n\t\t\t<div class=\"elementor-widget-wrap elementor-element-populated\">\n\t\t\t\t\t\t<div class=\"elementor-element elementor-element-391a987 elementor-widget elementor-widget-image\" data-id=\"391a987\" data-element_type=\"widget\" data-e-type=\"widget\" data-widget_type=\"image.default\">\n\t\t\t\t<div class=\"elementor-widget-container\">\n\t\t\t\t\t\t\t\t\t\t\t\t\t\t\t<img fetchpriority=\"high\" decoding=\"async\" width=\"768\" height=\"1024\" src=\"https:\/\/klixkommunikation.dk\/wp-content\/uploads\/2026\/01\/city-apartmenta5-768x1024.jpg\" class=\"attachment-large size-large wp-image-2223\" alt=\"\" srcset=\"https:\/\/klixkommunikation.dk\/wp-content\/uploads\/2026\/01\/city-apartmenta5-768x1024.jpg 768w, https:\/\/klixkommunikation.dk\/wp-content\/uploads\/2026\/01\/city-apartmenta5-225x300.jpg 225w, https:\/\/klixkommunikation.dk\/wp-content\/uploads\/2026\/01\/city-apartmenta5.jpg 875w\" sizes=\"(max-width: 768px) 100vw, 768px\" \/>\t\t\t\t\t\t\t\t\t\t\t\t\t\t\t<\/div>\n\t\t\t\t<\/div>\n\t\t\t\t<div class=\"elementor-element elementor-element-7f714c0 elementor-hidden-desktop elementor-hidden-mobile elementor-widget elementor-widget-spacer\" data-id=\"7f714c0\" data-element_type=\"widget\" data-e-type=\"widget\" data-widget_type=\"spacer.default\">\n\t\t\t\t<div class=\"elementor-widget-container\">\n\t\t\t\t\t\t\t<div class=\"elementor-spacer\">\n\t\t\t<div class=\"elementor-spacer-inner\"><\/div>\n\t\t<\/div>\n\t\t\t\t\t\t<\/div>\n\t\t\t\t<\/div>\n\t\t\t\t\t<\/div>\n\t\t<\/div>\n\t\t\t\t<div class=\"elementor-column elementor-col-25 elementor-top-column elementor-element elementor-element-5ee4e387 elementor-hidden-tablet\" data-id=\"5ee4e387\" data-element_type=\"column\" data-e-type=\"column\">\n\t\t\t<div class=\"elementor-widget-wrap elementor-element-populated\">\n\t\t\t\t\t\t<div class=\"elementor-element elementor-element-3f0765d elementor-grid-1 elementor-hidden-mobile elementor-shape-rounded e-grid-align-center elementor-widget elementor-widget-social-icons\" data-id=\"3f0765d\" data-element_type=\"widget\" data-e-type=\"widget\" data-widget_type=\"social-icons.default\">\n\t\t\t\t<div class=\"elementor-widget-container\">\n\t\t\t\t\t\t\t<div class=\"elementor-social-icons-wrapper elementor-grid\" role=\"list\">\n\t\t\t\t\t\t\t<span class=\"elementor-grid-item\" role=\"listitem\">\n\t\t\t\t\t<a class=\"elementor-icon elementor-social-icon elementor-social-icon-instagram elementor-repeater-item-a824e36\" href=\"https:\/\/www.instagram.com\/klixkommunikation\/\" target=\"_blank\">\n\t\t\t\t\t\t<span class=\"elementor-screen-only\">Instagram<\/span>\n\t\t\t\t\t\t<i aria-hidden=\"true\" class=\"fab fa-instagram\"><\/i>\t\t\t\t\t<\/a>\n\t\t\t\t<\/span>\n\t\t\t\t\t\t\t<span class=\"elementor-grid-item\" role=\"listitem\">\n\t\t\t\t\t<a class=\"elementor-icon elementor-social-icon elementor-social-icon-facebook elementor-repeater-item-ebbe0b5\" href=\"https:\/\/www.facebook.com\/KlixKommunikation\" target=\"_blank\">\n\t\t\t\t\t\t<span class=\"elementor-screen-only\">Facebook<\/span>\n\t\t\t\t\t\t<i aria-hidden=\"true\" class=\"fab fa-facebook\"><\/i>\t\t\t\t\t<\/a>\n\t\t\t\t<\/span>\n\t\t\t\t\t\t\t<span class=\"elementor-grid-item\" role=\"listitem\">\n\t\t\t\t\t<a class=\"elementor-icon elementor-social-icon elementor-social-icon-linkedin-in elementor-repeater-item-30c360f\" href=\"https:\/\/www.linkedin.com\/company\/71202957\/admin\/\" target=\"_blank\">\n\t\t\t\t\t\t<span class=\"elementor-screen-only\">Linkedin-in<\/span>\n\t\t\t\t\t\t<i aria-hidden=\"true\" class=\"fab fa-linkedin-in\"><\/i>\t\t\t\t\t<\/a>\n\t\t\t\t<\/span>\n\t\t\t\t\t<\/div>\n\t\t\t\t\t\t<\/div>\n\t\t\t\t<\/div>\n\t\t\t\t\t<\/div>\n\t\t<\/div>\n\t\t\t\t\t<\/div>\n\t\t<\/section>\n\t\t\t\t<\/div>\n\t\t","protected":false},"excerpt":{"rendered":"<p>Ledig stilling Content Creator med flair for SoMe, annoncering og planl\u00e6gning Er du klar til at oms\u00e6tte din kreative passion til content, der performer? Er du struktureret, nysgerrig og har \u00f8je for, hvad der virker p\u00e5 sociale medier? Br\u00e6nder du for visuel kommunikation, content creation og digital tilstedev\u00e6relse \u2013 og dr\u00f8mmer du om at udvikle [&hellip;]<\/p>\n","protected":false},"author":1,"featured_media":0,"parent":0,"menu_order":0,"comment_status":"closed","ping_status":"closed","template":"","meta":{"footnotes":""},"class_list":["post-1601","page","type-page","status-publish","hentry","wpbf-post"],"_links":{"self":[{"href":"https:\/\/klixkommunikation.dk\/index.php?rest_route=\/wp\/v2\/pages\/1601","targetHints":{"allow":["GET"]}}],"collection":[{"href":"https:\/\/klixkommunikation.dk\/index.php?rest_route=\/wp\/v2\/pages"}],"about":[{"href":"https:\/\/klixkommunikation.dk\/index.php?rest_route=\/wp\/v2\/types\/page"}],"author":[{"embeddable":true,"href":"https:\/\/klixkommunikation.dk\/index.php?rest_route=\/wp\/v2\/users\/1"}],"replies":[{"embeddable":true,"href":"https:\/\/klixkommunikation.dk\/index.php?rest_route=%2Fwp%2Fv2%2Fcomments&post=1601"}],"version-history":[{"count":55,"href":"https:\/\/klixkommunikation.dk\/index.php?rest_route=\/wp\/v2\/pages\/1601\/revisions"}],"predecessor-version":[{"id":2393,"href":"https:\/\/klixkommunikation.dk\/index.php?rest_route=\/wp\/v2\/pages\/1601\/revisions\/2393"}],"wp:attachment":[{"href":"https:\/\/klixkommunikation.dk\/index.php?rest_route=%2Fwp%2Fv2%2Fmedia&parent=1601"}],"curies":[{"name":"wp","href":"https:\/\/api.w.org\/{rel}","templated":true}]}}